{"id":14,"date":"2021-06-07T12:16:35","date_gmt":"2021-06-07T12:16:35","guid":{"rendered":"https:\/\/reni.si\/\/?page_id=14"},"modified":"2022-01-19T11:01:06","modified_gmt":"2022-01-19T11:01:06","slug":"product-lines","status":"publish","type":"page","link":"https:\/\/reni.si\/sl_si\/product-lines\/","title":{"rendered":"Product lines"},"content":{"rendered":"<section class=\"headline\">\n    <div class=\"headline__shifting-gradient headline__shifting-gradient--1\"><\/div>\n    <div class=\"headline__shifting-gradient headline__shifting-gradient--2\"><\/div>\n    <div class=\"headline__shifting-gradient headline__shifting-gradient--3\"><\/div>\n\t<div class=\"container\">\n\t\t<div class=\"row\">\n\t\t\t<div class=\"col-12\">\n\t\t\t\t<h1><p>Od edinstvenih re\u0161itev do<br \/>\nstandardiziranih izdelkov.<\/p>\n<\/h1>\n\t\t\t<\/div>\n\t\t<\/div>\n\t<\/div>\n<\/section>\n\n<section class=\"product-line-benefits\">\n\t<div class=\"container\">\n\t\t<div class=\"row\">\n\t\t\t<div class=\"product-line-benefits__list\" data-anim=\"reniFadeIn\">\n\t\t\t\t\t\t\t\t\t\t\t\t\t\t\t\t\t\t\t<div class=\"col-md-5\">\n\t\t\t\t\t\t\t<div class=\"product-line-benefits__benefit\">\n\t\t\t\t\t\t\t\t<div class=\"product-line-benefits__title\">Popolna kompatibilnost<\/div>\n\t\t\t\t\t\t\t\t<div class=\"product-line-benefits__subtitle\">Na\u0161e dolgoletne izku\u0161nje omogo\u010dajo popolno integracijo na\u0161ih re\u0161itev v va\u0161 proces.<\/div>\n\t\t\t\t\t\t\t<\/div>\n\t\t\t\t\t\t<\/div>\n\t\t\t\t\t\t\t\t\t\t\t<div class=\"col-md-5\">\n\t\t\t\t\t\t\t<div class=\"product-line-benefits__benefit\">\n\t\t\t\t\t\t\t\t<div class=\"product-line-benefits__title\">Kvaliteta in zanesljivost<\/div>\n\t\t\t\t\t\t\t\t<div class=\"product-line-benefits__subtitle\">S fleksibilnim pristopom in odgovornim vodenjem dosegamo izjemno kvaliteto tudi v \u010dasovno zahtevnih projektih.<\/div>\n\t\t\t\t\t\t\t<\/div>\n\t\t\t\t\t\t<\/div>\n\t\t\t\t\t\t\t\t\t\t\t\t<\/div>\n\t\t<\/div>\n\t<\/div>\n<\/section>\n\n\n<section class=\"content-filter\">\n  <div class=\"container\">\n    <div class=\"row\">\n      <div class=\"content-filter__list\" data-anim=\"reniFadeIn\">\n        <div class=\"d-none d-sm-block col-sm-2 col-md-3\"><\/div>\n                    <div class=\"col\">\n              <button type=\"button\" \n              data-filter=\"*\" \n              class=\"content-filter__filter content-filter__filter--active\">\n                Vse              <\/button>\n            <\/div>\n                      <div class=\"col\">\n              <button type=\"button\" \n              data-filter=\"food\" \n              class=\"content-filter__filter\">\n                Prehrana              <\/button>\n            <\/div>\n                      <div class=\"col\">\n              <button type=\"button\" \n              data-filter=\"pharma\" \n              class=\"content-filter__filter\">\n                Farmacija              <\/button>\n            <\/div>\n                  <div class=\"d-none d-sm-block col-sm-2 col-md-3\"><\/div>\n      <\/div>\n    <\/div>\n  <\/div>\n<\/section>\n\n<section class=\"industry-specifications-list\" data-page-id=\"14\">\n    <noscript><h2>This page needs Javascript to function properly because it relies on AJAX calls.<\/h2><\/noscript>\n    <section class=\"industry-specifications\">\n        <div class=\"industry-cards industry-specifications__industry-cards\">\n            <div class=\"container\">\n                <h2>Loading&#8230;<\/h2>\n                <div class=\"industry-cards__list\" data-page-id=\"14\"><\/div>\n            <\/div>\n        <\/div>\n    <\/section>\n<\/section>","protected":false},"excerpt":{"rendered":"","protected":false},"author":1,"featured_media":0,"parent":0,"menu_order":0,"comment_status":"closed","ping_status":"closed","template":"","meta":{"_acf_changed":false,"_monsterinsights_skip_tracking":false,"_monsterinsights_sitenote_active":false,"_monsterinsights_sitenote_note":"","_monsterinsights_sitenote_category":0,"footnotes":""},"class_list":["post-14","page","type-page","status-publish","hentry"],"acf":[],"aioseo_notices":[],"_links":{"self":[{"href":"https:\/\/reni.si\/sl_si\/wp-json\/wp\/v2\/pages\/14","targetHints":{"allow":["GET"]}}],"collection":[{"href":"https:\/\/reni.si\/sl_si\/wp-json\/wp\/v2\/pages"}],"about":[{"href":"https:\/\/reni.si\/sl_si\/wp-json\/wp\/v2\/types\/page"}],"author":[{"embeddable":true,"href":"https:\/\/reni.si\/sl_si\/wp-json\/wp\/v2\/users\/1"}],"replies":[{"embeddable":true,"href":"https:\/\/reni.si\/sl_si\/wp-json\/wp\/v2\/comments?post=14"}],"version-history":[{"count":30,"href":"https:\/\/reni.si\/sl_si\/wp-json\/wp\/v2\/pages\/14\/revisions"}],"predecessor-version":[{"id":2085,"href":"https:\/\/reni.si\/sl_si\/wp-json\/wp\/v2\/pages\/14\/revisions\/2085"}],"wp:attachment":[{"href":"https:\/\/reni.si\/sl_si\/wp-json\/wp\/v2\/media?parent=14"}],"curies":[{"name":"wp","href":"https:\/\/api.w.org\/{rel}","templated":true}]}}