{"id":1111,"date":"2021-06-07T12:18:21","date_gmt":"2021-06-07T12:18:21","guid":{"rendered":"https:\/\/reni.si\/\/contact-page\/"},"modified":"2024-08-05T11:15:55","modified_gmt":"2024-08-05T11:15:55","slug":"contact-page","status":"publish","type":"page","link":"https:\/\/reni.si\/en\/contact-page\/","title":{"rendered":"Contact page"},"content":{"rendered":"<section class=\"headline\">\n    <div class=\"headline__shifting-gradient headline__shifting-gradient--1\"><\/div>\n    <div class=\"headline__shifting-gradient headline__shifting-gradient--2\"><\/div>\n    <div class=\"headline__shifting-gradient headline__shifting-gradient--3\"><\/div>\n\t<div class=\"container\">\n\t\t<div class=\"row\">\n\t\t\t<div class=\"col-12\">\n\t\t\t\t<h1><p>Have a question?<br \/>\nGet in touch.<\/p>\n<\/h1>\n\t\t\t<\/div>\n\t\t<\/div>\n\t<\/div>\n<\/section>\n\n\n<section class=\"contact\">\n  <div class=\"container\">\n    <div class=\"row\">\n      <div class=\"col-12 d-vm-none\" data-anim=\"reniFadeIn\">\n        <div class=\"contact__sales clearfix\">\n                                                            <a class=\"contact__sale\" href=\"tel: +386 1 500 81 64\">\n                <span class=\"contact__sale-type\">Call Sales<\/span>\n                <span class=\"contact__sale-contact\">+386 1 500 81 64<\/span>\n              <\/a>\n                                        <a class=\"contact__sale\" href=\"tel: +386 1 500 81 60\">\n                <span class=\"contact__sale-type\">Call Engineering<\/span>\n                <span class=\"contact__sale-contact\">+386 1 500 81 60<\/span>\n              <\/a>\n                                        <a class=\"contact__sale\" href=\"mailto:info@reni.si\">\n                <span class=\"contact__sale-type\">E-Mail<\/span>\n                <span class=\"contact__sale-contact\">info@reni.si<\/span>\n              <\/a>\n                              <\/div>\n      <\/div>\n      <div class=\"col-12 order-2 order-vm-1\" data-anim=\"reniFadeIn\">\n        <div class=\"row\">\n          <div class=\"d-none d-vm-block col-12\">\n            <div class=\"contact__sales\">\n                                                                                <a class=\"contact__sale\" href=\"tel: +386 1 500 81 64\">\n                    <span class=\"contact__sale-type\">Call Sales<\/span>\n                    <span class=\"contact__sale-contact\">+386 1 500 81 64<\/span>\n                  <\/a>\n                                                    <a class=\"contact__sale\" href=\"tel: +386 1 500 81 60\">\n                    <span class=\"contact__sale-type\">Call Engineering<\/span>\n                    <span class=\"contact__sale-contact\">+386 1 500 81 60<\/span>\n                  <\/a>\n                                                    <a class=\"contact__sale\" href=\"mailto:info@reni.si\">\n                    <span class=\"contact__sale-type\">E-Mail<\/span>\n                    <span class=\"contact__sale-contact\">info@reni.si<\/span>\n                  <\/a>\n                                          <\/div>\n          <\/div>\n        <\/div>\n        <div class=\"row\">\n          <div class=\"col-12\">\n            <h3 class=\"contact__locations-header\">Locations<\/h3>\n            <div class=\"contact__locations\">\n                                <div class=\"contact__location\" data-anim=\"reniFadeIn\">\n                    <div class=\"row\">\n                                            <div class=\"col-12 col-vm-6\">\n                        <img decoding=\"async\" class=\"contact__location-image\" src=\"https:\/\/reni.si\/wp-content\/uploads\/2024\/07\/RENI-LJUBLJANA-INZENIRING-1.jpg\" alt=\"\">\n                      <\/div>\n                      <div class=\"col-12 col-vm-6\">\n                        <div class=\"contact__text\">\n                          <div class=\"contact__location-title\">Slovenia<\/div>\n                          <div class=\"contact__location-address\"><p><strong><b>VAT ID<br \/>\n<\/b><\/strong>SI 61993115<\/p>\n<p><strong>REGISTERED OFFICE &amp; ACCOUNTING<br \/>\n<\/strong>Kotnikova ulica 5<br \/>\nSI-1000 Ljubljana<\/p>\n<p><strong>ENGINEERING &amp; WORKSHOP<br \/>\n<\/strong>Ulica Jo\u017eeta Jame 12<br \/>\nSI-1000 Ljubljana<strong><br \/>\n<\/strong><\/p>\n<p><strong>MANAGEMENT OFFICE<br \/>\n<\/strong>WTC, Dunajska cesta 156,<br \/>\nSI-1000 Ljubljana<\/p>\n<\/div>\n                        <\/div>\n                      <\/div>\n                    <\/div>\n                  <\/div>\n                                  <div class=\"contact__location\" data-anim=\"reniFadeIn\">\n                    <div class=\"row\">\n                                            <div class=\"col-12 col-vm-6\">\n                        <img decoding=\"async\" class=\"contact__location-image\" src=\"https:\/\/reni.si\/wp-content\/uploads\/2024\/07\/reni_bh.jpg\" alt=\"\">\n                      <\/div>\n                      <div class=\"col-12 col-vm-6\">\n                        <div class=\"contact__text\">\n                          <div class=\"contact__location-title\">Bosnia &#038; Herzegovina<\/div>\n                          <div class=\"contact__location-address\"><p><strong><b>VAT ID<br \/>\n<\/b><\/strong>263663720002<\/p>\n<p><b>PRODUCTION UNIT, PRODUCTION ENGINEERING<br \/>\n<\/b>Unska bb, Poslovna zona Pilana<br \/>\n77240 Bosanka Krupa<\/p>\n<\/div>\n                        <\/div>\n                      <\/div>\n                    <\/div>\n                  <\/div>\n                                  <div class=\"contact__location\" data-anim=\"reniFadeIn\">\n                    <div class=\"row\">\n                                            <div class=\"col-12 col-vm-6\">\n                        <img decoding=\"async\" class=\"contact__location-image\" src=\"https:\/\/reni.si\/wp-content\/uploads\/2024\/07\/reni_belgium.jpg\" alt=\"\">\n                      <\/div>\n                      <div class=\"col-12 col-vm-6\">\n                        <div class=\"contact__text\">\n                          <div class=\"contact__location-title\">Belgium<\/div>\n                          <div class=\"contact__location-address\"><p><strong><b>VAT ID<br \/>\n<\/b><\/strong>BE0786.227.362<\/p>\n<p><strong>PROJECT MANAGEMENT, ENGINEERING, MARKETING<\/strong><br \/>\nLeonardo da Vincilaan 19 A,<br \/>\n1831 Machelen, Belgium \u2013 EU<\/p>\n<ul>\n<li>Project management<\/li>\n<li>Engineering<\/li>\n<li>Marketing<\/li>\n<\/ul>\n<\/div>\n                        <\/div>\n                      <\/div>\n                    <\/div>\n                  <\/div>\n                                  <div class=\"contact__location\" data-anim=\"reniFadeIn\">\n                    <div class=\"row\">\n                                            <div class=\"col-12 col-vm-6\">\n                        <img decoding=\"async\" class=\"contact__location-image\" src=\"https:\/\/reni.si\/wp-content\/uploads\/2024\/07\/reni_algeria.jpg\" alt=\"\">\n                      <\/div>\n                      <div class=\"col-12 col-vm-6\">\n                        <div class=\"contact__text\">\n                          <div class=\"contact__location-title\">Algeria<\/div>\n                          <div class=\"contact__location-address\"><p><b>VAT ID<br \/>\n<\/b>SI 61993115<\/p>\n<p><b>REPRESENTATIVE OFFICE<br \/>\n<\/b>Le Bureau de Liaison en Alg\u00e9rie de la soci\u00e9t\u00e9 RENI d.o.o.<br \/>\nCentre d\u2019Affaires Regus<br \/>\nTour Nord, 4\u00e8me \u00e9tage<br \/>\n16311 Quartier des affaires Bab Ezzouar<br \/>\nAlgiers<br \/>\nAlgeria<\/p>\n<p><strong>CONTACT<br \/>\n<\/strong><a href=\"mailto:salim.saoud@reni.si\">salim.saoud@reni.si<\/a><br \/>\n<a href=\"tel:+213 770076858\">+213 770076858<\/a><\/p>\n<\/div>\n                        <\/div>\n                      <\/div>\n                    <\/div>\n                  <\/div>\n                                          <\/div>\n          <\/div>\n          <div class=\"d-vm-none contact__cta\" data-anim=\"reniFadeIn\">\n                                    <h3 class=\"contact__cta-title\">Considering working with us?<\/h3>\n            <div class=\"contact__cta-subtitle\">Check our current job openings on LinkedIn.<\/div>\n                          <a class=\"contact__cta-link btn-link\" href=\"https:\/\/www.linkedin.com\/company\/reni-d-o-o\/jobs\/ \">View open positions<span class=\"contact__cta-link-icon btn-link__icon\"><\/span><\/a>\n                      <\/div>\n        <\/div>\n      <\/div>\n      <div class=\"d-none d-lg-block col-lg-1\"><\/div>\n      <div class=\"col-12 order-1 order-vm-2\">\n        <div class=\"d-none d-vm-flex contact__cta\" data-anim=\"reniFadeIn\">\n                              <h3 class=\"contact__cta-title\">Considering working with us?<\/h3>\n          <div class=\"contact__cta-subtitle\">Check our current job openings on LinkedIn.<\/div>\n                      <a class=\"contact__cta-link btn-link\" href=\"https:\/\/www.linkedin.com\/company\/reni-d-o-o\/jobs\/ \">View open positions<span class=\"contact__cta-link-icon btn-link__icon\"><\/span><\/a>\n                  <\/div>\n      <\/div>\n    <\/div>\n  <\/div>\n<\/section>","protected":false},"excerpt":{"rendered":"","protected":false},"author":1,"featured_media":0,"parent":0,"menu_order":0,"comment_status":"closed","ping_status":"closed","template":"","meta":{"_acf_changed":false,"_monsterinsights_skip_tracking":false,"_monsterinsights_sitenote_active":false,"_monsterinsights_sitenote_note":"","_monsterinsights_sitenote_category":0,"footnotes":""},"class_list":["post-1111","page","type-page","status-publish","hentry"],"acf":[],"aioseo_notices":[],"_links":{"self":[{"href":"https:\/\/reni.si\/en\/wp-json\/wp\/v2\/pages\/1111","targetHints":{"allow":["GET"]}}],"collection":[{"href":"https:\/\/reni.si\/en\/wp-json\/wp\/v2\/pages"}],"about":[{"href":"https:\/\/reni.si\/en\/wp-json\/wp\/v2\/types\/page"}],"author":[{"embeddable":true,"href":"https:\/\/reni.si\/en\/wp-json\/wp\/v2\/users\/1"}],"replies":[{"embeddable":true,"href":"https:\/\/reni.si\/en\/wp-json\/wp\/v2\/comments?post=1111"}],"version-history":[{"count":9,"href":"https:\/\/reni.si\/en\/wp-json\/wp\/v2\/pages\/1111\/revisions"}],"predecessor-version":[{"id":2059,"href":"https:\/\/reni.si\/en\/wp-json\/wp\/v2\/pages\/1111\/revisions\/2059"}],"wp:attachment":[{"href":"https:\/\/reni.si\/en\/wp-json\/wp\/v2\/media?parent=1111"}],"curies":[{"name":"wp","href":"https:\/\/api.w.org\/{rel}","templated":true}]}}